{"id":3,"date":"2022-10-17T12:03:15","date_gmt":"2022-10-17T10:03:15","guid":{"rendered":"https:\/\/www.meaed.net\/?page_id=3"},"modified":"2022-10-17T17:40:51","modified_gmt":"2022-10-17T15:40:51","slug":"privacy-policy","status":"publish","type":"page","link":"https:\/\/www.meaed.net\/?page_id=3","title":{"rendered":"Legalia"},"content":{"rendered":"\n<p><strong>Comunicazioni ai sensi del D.lgs. 196\/03 &#8211; Reg. UE 679\/16<\/strong><\/p>\n\n\n\n<p>I dati personali qui indicati non possono essere utilizzati per invio di comunicazioni (anche commerciali) non sollecitate e SPAM e non possono essere raccolti o trattati senza l&#8217;esplicito consenso della Monti &amp; Ambrosini Editori<\/p>\n\n\n\n<p class=\"has-text-align-center\">* * *<\/p>\n\n\n\n<p><strong>Informazioni rese ai sensi dell&#8217;art. 2250 del Codice civile<\/strong><\/p>\n\n\n\n<p>Ragione sociale Monti &amp; Ambrosini S.r.l. c.s. \u20ac10.000<br>Sede legale e amministrazione 65124 Pescara (IT) &#8211; 96, via Paolini<br>E-mail: meaed @  meaed.  net\u00a0 (N.B. ELIMINARE GLI SPAZI FRA LE PAROLE)<br>PEC: pec @ pec. montiambrosini .  it<\/p>\n\n\n\n<p>CF e PI 01725790685 &#8211; REA CCIAA PE 123976<\/p>\n\n\n\n<p>IBAN: IT 94 C 07601 15400 000057755894<\/p>\n\n\n\n<p class=\"has-text-align-center\">* * *<\/p>\n\n\n\n<p><strong>Informazioni sul diritto d&#8217;autore e sulla propriet\u00e0 intellettuale<\/strong><\/p>\n\n\n\n<p>Le denominazioni Monti &amp; Ambrosini Editori, MEAED, i logo utilizzati in questo sito e sulle pubblicazioni, i titoli e i disegni, dove non espressamente indicato, sono marchi di propriet\u00e0 esclusiva della Monti &amp; Ambrosini S.r.l.<\/p>\n\n\n\n<p>I contenuti di questo sito sono propriet\u00e0 della Monti &amp; Ambrosini S.r.l.;\u00a0qualsiasi utilizzo deve essere preventivamente autorizzato dall&#8217;editore.<\/p>\n\n\n\n<p>I link devono puntare soltanto alla pagina principale.\u00a0<\/p>\n\n\n\n<p class=\"has-text-align-center\">* * *<\/p>\n\n\n\n<p><strong>Informativa sul trattamento dei dati personali<\/strong><\/p>\n\n\n\n<p>Non comunichiamo a &#8220;terzi&#8221; gli indirizzi delle persone che ci scrivono, non facciamo uso &#8220;commerciale&#8221; delle informazioni che ci danno, non mandiamo messaggi &#8220;indesiderati&#8221; o non richiesti e non mettiamo altri in condizione di farlo.<\/p>\n\n\n\n<p>Questo sito \u00e8 fruibile in modalit\u00e0 anonima. Non prevede, n\u00e9 consente, la registrazione degli utenti e la pubblicazione di commenti.<\/p>\n\n\n\n<p>I cookie inviati dal software che gestisce il sito servono solamente per generare le statistiche e non consentono alcuna identificazione occulta dell&#8217;utente.<\/p>\n\n\n\n<p>Insomma rispettiamo la privacy e non ci prestiamo ad alcuna forma di spamming.<br>Titolare e responsabile del trattamento \u00e8 la Monti &amp; Ambrosini S.r.l. e tutte le informazioni possono essere richieste contattando l&#8217;azienda ai recapiti forniti in questa pagina.<\/p>\n","protected":false},"excerpt":{"rendered":"<p>Comunicazioni ai sensi del D.lgs. 196\/03 &#8211; Reg. UE 679\/16 I dati personali qui indicati non possono essere utilizzati per invio di comunicazioni (anche commerciali) non sollecitate e SPAM e non possono essere raccolti o trattati senza l&#8217;esplicito consenso della Monti &amp; Ambrosini Editori * * * Informazioni rese ai sensi dell&#8217;art. 2250 del Codice &hellip; <\/p>\n<p class=\"link-more\"><a href=\"https:\/\/www.meaed.net\/?page_id=3\" class=\"more-link\">Leggi tutto<span class=\"screen-reader-text\"> &#8220;Legalia&#8221;<\/span><\/a><\/p>\n","protected":false},"author":1,"featured_media":0,"parent":0,"menu_order":10,"comment_status":"closed","ping_status":"open","template":"","meta":{"footnotes":""},"class_list":["post-3","page","type-page","status-publish","hentry"],"_links":{"self":[{"href":"https:\/\/www.meaed.net\/index.php?rest_route=\/wp\/v2\/pages\/3","targetHints":{"allow":["GET"]}}],"collection":[{"href":"https:\/\/www.meaed.net\/index.php?rest_route=\/wp\/v2\/pages"}],"about":[{"href":"https:\/\/www.meaed.net\/index.php?rest_route=\/wp\/v2\/types\/page"}],"author":[{"embeddable":true,"href":"https:\/\/www.meaed.net\/index.php?rest_route=\/wp\/v2\/users\/1"}],"replies":[{"embeddable":true,"href":"https:\/\/www.meaed.net\/index.php?rest_route=%2Fwp%2Fv2%2Fcomments&post=3"}],"version-history":[{"count":5,"href":"https:\/\/www.meaed.net\/index.php?rest_route=\/wp\/v2\/pages\/3\/revisions"}],"predecessor-version":[{"id":82,"href":"https:\/\/www.meaed.net\/index.php?rest_route=\/wp\/v2\/pages\/3\/revisions\/82"}],"wp:attachment":[{"href":"https:\/\/www.meaed.net\/index.php?rest_route=%2Fwp%2Fv2%2Fmedia&parent=3"}],"curies":[{"name":"wp","href":"https:\/\/api.w.org\/{rel}","templated":true}]}}